{"id":62,"date":"2021-11-16T12:57:19","date_gmt":"2021-11-16T12:57:19","guid":{"rendered":"https:\/\/pagina3.desarollo.com.ar\/?page_id=62"},"modified":"2022-06-22T21:22:09","modified_gmt":"2022-06-22T21:22:09","slug":"servicios","status":"publish","type":"page","link":"https:\/\/encantopuntano.com.ar\/?page_id=62","title":{"rendered":"Servicios"},"content":{"rendered":"\t\t<div data-elementor-type=\"wp-page\" data-elementor-id=\"62\" class=\"elementor elementor-62\" data-elementor-settings=\"[]\">\n\t\t\t\t\t\t\t<div class=\"elementor-section-wrap\">\n\t\t\t\t\t\t\t<section class=\"elementor-section elementor-top-section elementor-element elementor-element-dc2yfp0 elementor-section-full_width elementor-section-stretched elementor-section-height-default elementor-section-height-default\" data-id=\"dc2yfp0\" data-element_type=\"section\" data-settings=\"{&quot;background_background&quot;:&quot;classic&quot;,&quot;stretch_section&quot;:&quot;section-stretched&quot;}\">\n\t\t\t\t\t\t\t<div class=\"elementor-background-overlay\"><\/div>\n\t\t\t\t\t\t\t<div class=\"elementor-container elementor-column-gap-no\">\n\t\t\t\t\t<div class=\"elementor-column elementor-col-50 elementor-top-column elementor-element elementor-element-8da6390\" data-id=\"8da6390\" data-element_type=\"column\" data-settings=\"{&quot;background_background&quot;:&quot;classic&quot;}\">\n\t\t\t<div class=\"elementor-widget-wrap elementor-element-populated\">\n\t\t\t\t\t\t\t\t<div class=\"elementor-element elementor-element-48a2890 animated-slow elementor-invisible elementor-widget elementor-widget-image\" data-id=\"48a2890\" data-element_type=\"widget\" data-settings=\"{&quot;_animation&quot;:&quot;tada&quot;}\" data-widget_type=\"image.default\">\n\t\t\t\t<div class=\"elementor-widget-container\">\n\t\t\t\t\t\t\t\t\t\t\t\t\t\t\t\t<a href=\"http:\/\/encantopuntano.com.ar\/?page_id=66\">\n\t\t\t\t\t\t\t<img loading=\"lazy\" decoding=\"async\" width=\"1080\" height=\"1500\" src=\"https:\/\/encantopuntano.com.ar\/wp-content\/uploads\/2021\/11\/Verde-Azul-Ola-Ilustracion-Dia-Mundial-del-Oceano-Publicacion-de-Instagram-1080-x-1500-px-2.png\" class=\"attachment-full size-full\" alt=\"\" srcset=\"https:\/\/encantopuntano.com.ar\/wp-content\/uploads\/2021\/11\/Verde-Azul-Ola-Ilustracion-Dia-Mundial-del-Oceano-Publicacion-de-Instagram-1080-x-1500-px-2.png 1080w, https:\/\/encantopuntano.com.ar\/wp-content\/uploads\/2021\/11\/Verde-Azul-Ola-Ilustracion-Dia-Mundial-del-Oceano-Publicacion-de-Instagram-1080-x-1500-px-2-216x300.png 216w, https:\/\/encantopuntano.com.ar\/wp-content\/uploads\/2021\/11\/Verde-Azul-Ola-Ilustracion-Dia-Mundial-del-Oceano-Publicacion-de-Instagram-1080-x-1500-px-2-737x1024.png 737w, https:\/\/encantopuntano.com.ar\/wp-content\/uploads\/2021\/11\/Verde-Azul-Ola-Ilustracion-Dia-Mundial-del-Oceano-Publicacion-de-Instagram-1080-x-1500-px-2-768x1067.png 768w\" sizes=\"(max-width: 1080px) 100vw, 1080px\" \/>\t\t\t\t\t\t\t\t<\/a>\n\t\t\t\t\t\t\t\t\t\t\t\t\t\t\t<\/div>\n\t\t\t\t<\/div>\n\t\t\t\t\t<\/div>\n\t\t<\/div>\n\t\t\t\t<div class=\"elementor-column elementor-col-50 elementor-top-column elementor-element elementor-element-7219659\" data-id=\"7219659\" data-element_type=\"column\" data-settings=\"{&quot;background_background&quot;:&quot;classic&quot;}\">\n\t\t\t<div class=\"elementor-widget-wrap elementor-element-populated\">\n\t\t\t\t\t\t\t\t<div class=\"elementor-element elementor-element-0798f02 elementor-widget elementor-widget-text-editor\" data-id=\"0798f02\" data-element_type=\"widget\" data-widget_type=\"text-editor.default\">\n\t\t\t\t<div class=\"elementor-widget-container\">\n\t\t\t\t\t\t\t<header class=\"entry-header\"><h1 class=\"entry-title \">\u00a0 \u00a0 \u00a0 \u00a0 \u00a0 \u00a0 \u00a0 \u00a0 \u00a0 \u00a0 \u00a0 \u00a0 \u00a0 \u00a0 \u00a0 \u00a0<span style=\"color: #523120;\">Servicios<\/span><\/h1><hr class=\"featurette-divider __before_content\" \/><\/header><div class=\"entry-content\"><p>Todas las caba\u00f1as cuentan con:<\/p><ul><li>Utensilios de cocina<\/li><li>Anafe a gas<\/li><li>Horno el\u00e9ctrico grande<\/li><li>Pava el\u00e9ctrica<\/li><li>Heladera con freezer<\/li><li>WiFi (antena receptora)<\/li><li>Smart con DirecTV<\/li><li>Aire acondicionado Fr\u00edo\/Calor<\/li><li>Ventilador de techo en dormitorio matrimonial<\/li><li>Calefacci\u00f3n con placa cer\u00e1mica Ecosol en dormitorio matrimonial<\/li><li>Cochera individual<\/li><li>Parrilla individual<\/li><li>S\u00e1banas<\/li><li>Toallas y toallones para la caba\u00f1a<\/li><li>Toallones para la piscina<\/li><li>Desayuno (Opcional)<\/li><li>Limpieza diaria (Opcional)<\/li><li>Piscina cercada<\/li><li>Mesa y sillas para exterior<\/li><li>Asesoramiento tur\u00edstico con folleter\u00eda<\/li><li>Cortinas blackout en todos los ambientes<\/li><\/ul><p>Se admiten mascotas peque\u00f1as adultas (previa consulta).<\/p><p style=\"text-align: center;\">Atendido por sus due\u00f1os.<\/p><\/div>\t\t\t\t\t\t<\/div>\n\t\t\t\t<\/div>\n\t\t\t\t\t<\/div>\n\t\t<\/div>\n\t\t\t\t\t\t\t<\/div>\n\t\t<\/section>\n\t\t\t\t<section class=\"elementor-section elementor-top-section elementor-element elementor-element-438d59e elementor-section-height-min-height elementor-section-stretched elementor-section-boxed elementor-section-height-default elementor-section-items-middle elementor-invisible\" data-id=\"438d59e\" data-element_type=\"section\" data-settings=\"{&quot;stretch_section&quot;:&quot;section-stretched&quot;,&quot;animation&quot;:&quot;fadeInUp&quot;}\">\n\t\t\t\t\t\t<div class=\"elementor-container elementor-column-gap-default\">\n\t\t\t\t\t<div class=\"elementor-column elementor-col-100 elementor-top-column elementor-element elementor-element-2010334\" data-id=\"2010334\" data-element_type=\"column\">\n\t\t\t<div class=\"elementor-widget-wrap elementor-element-populated\">\n\t\t\t\t\t\t\t\t<div class=\"elementor-element elementor-element-4d60ae5 elementor-widget elementor-widget-image\" data-id=\"4d60ae5\" data-element_type=\"widget\" data-widget_type=\"image.default\">\n\t\t\t\t<div class=\"elementor-widget-container\">\n\t\t\t\t\t\t\t\t\t\t\t\t\t\t\t<img loading=\"lazy\" decoding=\"async\" width=\"1024\" height=\"216\" src=\"https:\/\/encantopuntano.com.ar\/wp-content\/uploads\/2021\/11\/Sin-titulo-1900-x-300-px-1900-x-400-px-1024x216.png\" class=\"attachment-large size-large\" alt=\"\" srcset=\"https:\/\/encantopuntano.com.ar\/wp-content\/uploads\/2021\/11\/Sin-titulo-1900-x-300-px-1900-x-400-px-1024x216.png 1024w, https:\/\/encantopuntano.com.ar\/wp-content\/uploads\/2021\/11\/Sin-titulo-1900-x-300-px-1900-x-400-px-300x63.png 300w, https:\/\/encantopuntano.com.ar\/wp-content\/uploads\/2021\/11\/Sin-titulo-1900-x-300-px-1900-x-400-px-768x162.png 768w, https:\/\/encantopuntano.com.ar\/wp-content\/uploads\/2021\/11\/Sin-titulo-1900-x-300-px-1900-x-400-px-1536x323.png 1536w, https:\/\/encantopuntano.com.ar\/wp-content\/uploads\/2021\/11\/Sin-titulo-1900-x-300-px-1900-x-400-px.png 1900w\" sizes=\"(max-width: 1024px) 100vw, 1024px\" \/>\t\t\t\t\t\t\t\t\t\t\t\t\t\t\t<\/div>\n\t\t\t\t<\/div>\n\t\t\t\t\t<\/div>\n\t\t<\/div>\n\t\t\t\t\t\t\t<\/div>\n\t\t<\/section>\n\t\t\t\t\t\t<\/div>\n\t\t\t\t\t<\/div>\n\t\t","protected":false},"excerpt":{"rendered":"<p>\u00a0 \u00a0 \u00a0 \u00a0 \u00a0 \u00a0 \u00a0 \u00a0 \u00a0 \u00a0 \u00a0 \u00a0 \u00a0 \u00a0 \u00a0 \u00a0Servicios Todas las caba\u00f1as cuentan con: Utensilios de cocina Anafe a gas Horno el\u00e9ctrico grande Pava el\u00e9ctrica Heladera con freezer WiFi (antena receptora) Smart con DirecTV Aire acondicionado Fr\u00edo\/Calor Ventilador de techo en dormitorio matrimonial Calefacci\u00f3n con placa cer\u00e1mica Ecosol [&hellip;]<\/p>\n","protected":false},"author":1,"featured_media":0,"parent":0,"menu_order":0,"comment_status":"closed","ping_status":"closed","template":"","meta":{"footnotes":""},"_links":{"self":[{"href":"https:\/\/encantopuntano.com.ar\/index.php?rest_route=\/wp\/v2\/pages\/62"}],"collection":[{"href":"https:\/\/encantopuntano.com.ar\/index.php?rest_route=\/wp\/v2\/pages"}],"about":[{"href":"https:\/\/encantopuntano.com.ar\/index.php?rest_route=\/wp\/v2\/types\/page"}],"author":[{"embeddable":true,"href":"https:\/\/encantopuntano.com.ar\/index.php?rest_route=\/wp\/v2\/users\/1"}],"replies":[{"embeddable":true,"href":"https:\/\/encantopuntano.com.ar\/index.php?rest_route=%2Fwp%2Fv2%2Fcomments&post=62"}],"version-history":[{"count":80,"href":"https:\/\/encantopuntano.com.ar\/index.php?rest_route=\/wp\/v2\/pages\/62\/revisions"}],"predecessor-version":[{"id":1583,"href":"https:\/\/encantopuntano.com.ar\/index.php?rest_route=\/wp\/v2\/pages\/62\/revisions\/1583"}],"wp:attachment":[{"href":"https:\/\/encantopuntano.com.ar\/index.php?rest_route=%2Fwp%2Fv2%2Fmedia&parent=62"}],"curies":[{"name":"wp","href":"https:\/\/api.w.org\/{rel}","templated":true}]}}